{"id":9,"date":"2012-11-20T11:37:27","date_gmt":"2012-11-20T11:37:27","guid":{"rendered":"http:\/\/quanticalabs.com\/wp_themes\/themis\/?page_id=9"},"modified":"2023-02-11T10:26:04","modified_gmt":"2023-02-11T08:26:04","slug":"clients","status":"publish","type":"page","link":"https:\/\/ra-domanski.de\/page\/clients\/","title":{"rendered":"Informationen"},"content":{"rendered":"<p style=\"text-align: left;\"><div class=\"layout-p-50x50 clear-fix \"><br \/>\n<div class=\"column-left paragraph\"><br \/>\n<h3 class=\"\">Ihre Vorgehensweise<span class=\"underline\"><\/span><\/h3><br \/>\n\n\t\t\t<ul class=\"theme-accordion \" id=\"accordion_C6636CDDBC8DD3F95228991A8BB19535\">\n\t\t\t\t<br \/>\n\n\t\t\t<li>\n\t\t\t\t<div><h4><a href=\"#\">1. Nicht zu lange z\u00f6gern<\/a><\/h4><\/div>\n\t\t\t\t<div class=\"clear-fix\"><div class=\"clear-fix paragraph\"><br \/>\nGerade bei Auseinandersetzungen mit Beh\u00f6rden oder Arbeitgebern, aber auch bei Gerichtsverfahren, laufen regelm\u00e4\u00dfig Fristen. Sind solche Fristen einmal abgelaufen, ist es sehr schwer, noch etwas f\u00fcr Sie zu tun.<br \/>\n<\/div><\/div>\n\t\t\t<\/li>\n\t\t<br \/>\n\n\t\t\t<li>\n\t\t\t\t<div><h4><a href=\"#\">2. Fakten sammeln<\/a><\/h4><\/div>\n\t\t\t\t<div class=\"clear-fix\"><div class=\"clear-fix paragraph\"><br \/>\nNotieren Sie sich in Stichpunkten, um was es bei Ihrem Anliegen geht. Was ist wann passiert? Wie kam es dazu? Wer ist beteiligt? Bei einem Autounfall sollten Sie wenn m\u00f6glich eine <a href=\"http:\/\/www.motor-talk.de\/unfallskizze\" target=\"_blank\" rel=\"noopener noreferrer\">Unfallskizze<\/a> anfertigen.<br \/>\n<\/div><\/div>\n\t\t\t<\/li>\n\t\t<br \/>\n\n\t\t\t<li>\n\t\t\t\t<div><h4><a href=\"#\">3. Gespr\u00e4chstermin vereinbaren<\/a><\/h4><\/div>\n\t\t\t\t<div class=\"clear-fix\"><div class=\"clear-fix paragraph\"><br \/>\nRufen Sie mich an, oder schicken Sie mir eine E-Mail und schildern Sie kurz, worum es geht. Nur so kann ich Ihnen sagen, ob Sie bei mir richtig sind.<br \/>\n<\/div><\/div>\n\t\t\t<\/li>\n\t\t<br \/>\n\n\t\t\t<li>\n\t\t\t\t<div><h4><a href=\"#\">4. Dokumente zusammenstellen<\/a><\/h4><\/div>\n\t\t\t\t<div class=\"clear-fix\"><div class=\"clear-fix paragraph\"><br \/>\nSammeln Sie alle Dokumente, die Ihr Anliegen betreffen, z.B. Briefe, Vertr\u00e4ge oder Gespr\u00e4chsnotizen. Schreiben Sie auf, wann Sie diese erhalten oder abgeschickt haben. Bewahren Sie auch die Briefumschl\u00e4ge auf, denn das Datum des Poststempels kann wichtig sein.<br \/>\n<\/div><\/div>\n\t\t\t<\/li>\n\t\t<br \/>\n\n\t\t\t<li>\n\t\t\t\t<div><h4><a href=\"#\">5. Zeugen auflisten<\/a><\/h4><\/div>\n\t\t\t\t<div class=\"clear-fix\"><div class=\"clear-fix paragraph\"><br \/>\nKann jemand bezeugen, was passiert ist? Dies k\u00f6nnen Passanten bei einem Autounfall sein, aber auch Personen, die bei einem Gespr\u00e4ch mit Ihrem potenziellen Gegner dabei waren. Stellen Sie eine Liste mit deren Adressen zusammen.<br \/>\n<\/div><\/div>\n\t\t\t<\/li>\n\t\t<br \/>\n\n\t\t\t<li>\n\t\t\t\t<div><h4><a href=\"#\">6. Ziel festlegen<\/a><\/h4><\/div>\n\t\t\t\t<div class=\"clear-fix\"><div class=\"clear-fix paragraph\"><br \/>\nIm Mittelpunkt steht, was Sie erreichen wollen. Machen Sie sich bereits vor der Beratung klar: Geht es Ihnen darum, m\u00f6glichst schnell eine Einigung zu erzielen? Oder darum, m\u00f6glichst schnell einen gerichtlichen Titel zu erlangen?<br \/>\n<\/div><\/div>\n\t\t\t<\/li>\n\t\t<br \/>\n\n\t\t\t<li>\n\t\t\t\t<div><h4><a href=\"#\">7. Pers\u00f6nliche Daten bereit halten<\/a><\/h4><\/div>\n\t\t\t\t<div class=\"clear-fix\"><div class=\"clear-fix paragraph\"><br \/>\nNat\u00fcrlich ben\u00f6tige ich Ihre Telefonnummer, Ihre Adresse und Ihre Kontonummer. Au\u00dferdem sollten Sie, soweit vorhanden, auch die Adresse des Anspruchsgegners in Erfahrung bringen. Falls Sie rechtsschutzversichert sind, sollten Sie Ihre Mitgliedsdaten bereit halten.<br \/>\n<\/div><\/div>\n\t\t\t<\/li>\n\t\t<br \/>\n\n\t\t\t<li>\n\t\t\t\t<div><h4><a href=\"#\">8. Formulare nicht vergessen<\/a><\/h4><\/div>\n\t\t\t\t<div class=\"clear-fix\"><div class=\"clear-fix paragraph\"><br \/>\n<a href=\"https:\/\/ra-domanski.de\/download\/Vollmacht.pdf\" target=\"_blank\" rel=\"noopener noreferrer\">Anwaltsvollmacht<\/a><br \/>\n<a href=\"https:\/\/ra-domanski.de\/download\/Arztbericht.pdf\" target=\"_blank\" rel=\"noopener noreferrer\">Arztbericht<\/a><br \/>\n<a href=\"https:\/\/ra-domanski.de\/download\/Schweigepflichtentbindung.pdf\" target=\"_blank\" rel=\"noopener noreferrer\">Schweigepflichtentbindung<\/a><br \/>\n<\/div><\/div>\n\t\t\t<\/li>\n\t\t<br \/>\n\n\t\t\t<\/ul>\n\t\t\t<div class=\"hidden\">\n\t\t\t\t<script type=\"text\/javascript\">\n\t\t\t\t\tjQuery(document).ready(function() \n\t\t\t\t\t{\n\t\t\t\t\t\tvar theme=new TLTheme();\n\t\t\t\t\t\ttheme.createAccordion('#accordion_C6636CDDBC8DD3F95228991A8BB19535',{active:0});\n\t\t\t\t\t});\n\t\t\t\t<\/script>\n\t\t\t<\/div>\n\t\t<br \/>\n<\/div><\/p>\n<p style=\"text-align: left;\"><div class=\"column-right paragraph\"><br \/>\n<h3 class=\"\">Kosten<span class=\"underline\"><\/span><\/h3><br \/>\n\n\t\t\t<ul class=\"theme-accordion \" id=\"accordion_E559C2060AB0F1A08F713F40CAF80C34\">\n\t\t\t\t<br \/>\n\n\t\t\t<li>\n\t\t\t\t<div><h4><a href=\"#\">Vorbemerkung<\/a><\/h4><\/div>\n\t\t\t\t<div class=\"clear-fix\"><div class=\"clear-fix paragraph\"><br \/>\nSelbstverst\u00e4ndlich ist eine anwaltliche Leistung zu verg\u00fcten. Dabei ist jedoch zu beachten, dass im deutschen Recht das sog. &#8222;Bestellerprinzip&#8220; lediglich eine untergeordnete Rolle spielt. Es gilt vielmehr der Grundsatz, dass die unterliegende Partei die Kosten des Rechtsstreits zu tragen hat (\u00a7 91 ZPO). Damit wird ein Rechtsstreit &#8211; sofern keine Rechtsschutzversicherung besteht &#8211; zu einem wirtschaftlichen Wagnis, das auf Basis von Chancen und Risiken zu beurteilen ist.<br \/>\n<\/div><\/div>\n\t\t\t<\/li>\n\t\t<br \/>\n\n\t\t\t<li>\n\t\t\t\t<div><h4><a href=\"#\">Anwaltsverg\u00fctung<\/a><\/h4><\/div>\n\t\t\t\t<div class=\"clear-fix\"><div class=\"clear-fix paragraph\"><br \/>\nWird ein Rechtsanwalt f\u00fcr Sie au\u00dfergerichtlich t\u00e4tig, indem er Sie ber\u00e4t, oder ein Schreiben an die Gegenseite verfasst, so entsteht eine Gesch\u00e4ftsgeb\u00fchr nach Nr. 2300 RVG-VV.<\/p>\n<p style=\"text-align: left;\">Egal wie lange Sie mit dem Rechtsanwalt sprechen, egal wie lang dessen Briefe sind, wie oft hin und her geschrieben und telefoniert wird, die Gesch\u00e4ftsgeb\u00fchr entsteht nur einmal. Wird der Rechtsanwalt in einem nachfolgenden gerichtlichen Verfahren ebenfalls t\u00e4tig, so wird die Gesch\u00e4ftsgeb\u00fchr in der Regel zur H\u00e4lfte auf die Verfahrensgeb\u00fchr des gerichtlichen Verfahrens angerechnet.<\/p>\n<p style=\"text-align: left;\">Ein erstes Beratungsgespr\u00e4ch liegt vor, wenn Sie bez\u00fcglich einer Angelegenheit erstmals um einen Rat oder um eine Auskunft bitten (\u00a7 34 RVG). Bei einem solchen ersten Beratungsgespr\u00e4ch ist der Geb\u00fchrenanspruch des Rechtsanwalts f\u00fcr Verbraucher auf maximal 190 Euro begrenzt. Sofern nichts anderes vereinbart ist, wird die Beratungsgeb\u00fchr auf eine Geb\u00fchr f\u00fcr eine sonstige T\u00e4tigkeit, die mit der Beratung zusammenh\u00e4ngt, angerechnet. Ein erstes Beratungsgespr\u00e4ch liegt dann nicht mehr vor, wenn wegen derselben Angelegenheit eine weitere Beratung erfolgt, z. B. weil der Ratsuchende weitere Unterlagen beibringt, der Rechtsanwalt sich zun\u00e4chst sachkundig machen muss, oder es wegen erneuter Zusatzfragen zu einem weiteren Termin gekommen ist.<\/p>\n<p style=\"text-align: left;\">Gem\u00e4\u00df \u00a7 49b BRAO ist es unzul\u00e4ssig, geringere Geb\u00fchren und Auslagen zu vereinbaren oder zu fordern, als das RVG vorsieht, soweit dieses nichts anderes bestimmt. Im Einzelfall darf der Rechtsanwalt jedoch besonderen Umst\u00e4nden in der Person des Auftraggebers, insbesondere dessen Bed\u00fcrftigkeit, durch Erm\u00e4\u00dfigung oder Erla\u00df von Geb\u00fchren oder Auslagen nach Erledigung des Auftrags Rechnung tragen.<br \/>\n<\/div><\/div>\n\t\t\t<\/li>\n\t\t<br \/>\n\n\t\t\t<li>\n\t\t\t\t<div><h4><a href=\"#\">Gerichtskosten<\/a><\/h4><\/div>\n\t\t\t\t<div class=\"clear-fix\"><div class=\"clear-fix paragraph\"><br \/>\nGerichtskosten werden f\u00fcr die T\u00e4tigkeit des Gerichts als solche erhoben. Sie setzen sich zusammen aus den gerichtlichen Geb\u00fchren und den gerichtlichen Auslagen. Die H\u00f6he der Gerichtskosten ist nicht davon abh\u00e4ngig, welche Aufwendungen dem Gericht aus dem Verfahren tats\u00e4chlich erwachsen, sondern richtet sich nach dem Streitwert, der in der Regel mit dem Gegenstandswert identisch ist. Im Unterschied dazu richten sich die gerichtlichen Auslagen nach den Aufwendungen, die dem Gericht im Einzelfall entstanden sind. Dazu geh\u00f6ren beispielsweise die Kosten f\u00fcr die Entsch\u00e4digung von Zeugen und Sachverst\u00e4ndigen nach dem Gesetz \u00fcber die Verg\u00fctung von Sachverst\u00e4ndigen, Dolmetscherinnen, Dolmetschern, \u00dcbersetzerinnen und \u00dcbersetzern sowie die Entsch\u00e4digung von ehrenamtlichen Richterinnen, ehrenamtlichen Richtern, Zeuginnen, Zeugen und Dritten (JVEG) sowie bestimmte Post- und Telekommunikationskosten.<\/p>\n<p style=\"text-align: left;\">In vielen Verfahrensarten wird das T\u00e4tigwerden des Gerichts von der Leistung eines Gerichtskostenvorschusses abh\u00e4ngig gemacht. Es wird dann der (vorl\u00e4ufige) Streitwert ermittelt und anhand der Gerichtskostentabelle der entsprechende Vorschussbetrag angefordert.<br \/>\n<\/div><\/div>\n\t\t\t<\/li>\n\t\t<br \/>\n\n\t\t\t<li>\n\t\t\t\t<div><h4><a href=\"#\">Beratungs- und Prozesskostenhilfe<\/a><\/h4><\/div>\n\t\t\t\t<div class=\"clear-fix\"><div class=\"clear-fix paragraph\"><br \/>\nWichtig: Zum 01.01.2014 ist das Gesetz zur \u00c4nderung des Prozesskostenhilfe- und Beratungshilferechts in Kraft getreten (BGBl. 2013, 3533).<\/p>\n<p style=\"text-align: left;\">Bei geringem Einkommen besteht die M\u00f6glichkeit, sich auf Kosten der Landeskasse au\u00dfergerichtlich beraten zu lassen. Hierzu muss ein <strong>Beratungshilfeschein<\/strong> beim zust\u00e4ndigen Gericht (in der Regel das Amtsgericht, in dessen Gerichtsbezirk der Wohnsitz liegt) beantragt werden. Das Gericht pr\u00fcft dann, ob eine au\u00dfergerichtliche Beratung durch einen Rechtsanwalt notwendig ist und ob Sie die hierf\u00fcr erforderlichen finanziellen Mittel nach Ihren pers\u00f6nlichen und wirtschaftlichen Verh\u00e4ltnissen nicht aufbringen k\u00f6nnen. Mit dem Beratungshilfeschein k\u00f6nnen Sie zu einem Rechtsanwalt Ihrer Wahl gehen und sich au\u00dfergerichtlich beraten und gegebenenfalls vertreten lassen. Der Anwalt darf dann h\u00f6chstens 15 Euro von Ihnen verlangen. Alle weiteren Kosten muss er gegen\u00fcber der Landeskasse abrechnen.<\/p>\n<p style=\"text-align: left;\"><a href=\"http:\/\/www.justiz.de\/formulare\/zwi_bund\/agI1.pdf\" target=\"_blank\" rel=\"noopener noreferrer\">Antrag auf Bewilligung von Beratungshilfe<\/a><\/p>\n<p style=\"text-align: left;\">Sind Sie nach Ihren pers\u00f6nlichen und wirtschaftlichen Verh\u00e4ltnissen nicht in der Lage, die Kosten eines Prozesses zu tragen und bietet die beabsichtigte Rechtsverfolgung hinreichend Aussicht auf Erfolg, so kann Ihnen das Gericht auf Antrag <strong>Prozesskostenhilfe<\/strong> gew\u00e4hren. Dies bedeutet, dass Sie von der Zahlung der Gerichtskosten, der Kosten des eigenen Anwalts und den Auslagen f\u00fcr Zeugen und Sachverst\u00e4ndige befreit sind. Diese \u00fcbernimmt dann die Landeskasse. Soweit es die Einkommensverh\u00e4ltnisse zulassen, kann das Gericht anordnen, dass die Kosten in monatlichen Raten (sog. &#8222;Prozesskostenhilfe mit Ratenzahlung&#8220;) an die Landeskasse zur\u00fcckzuzahlen sind. Das Gericht kann jedoch vier Jahre lang nach der rechtskr\u00e4ftigen Entscheidung \u00fcberpr\u00fcfen, ob eine \u00c4nderung Ihrer pers\u00f6nlichen und wirtschaftlichen Verh\u00e4ltnisse eingetreten ist und die verauslagten Kosten von Ihnen erstattet verlangen.<\/p>\n<p style=\"text-align: left;\">Zur Klarstellung: Prozesskostenhilfe umfasst lediglich die Gerichtskosten und die <strong>eigenen<\/strong> Anwaltskosten. Verlieren Sie den Prozess, m\u00fcssen Sie die Anwaltskosten des Gegners auch dann bezahlen, wenn Ihnen Prozesskostenhilfe bewilligt worden ist. Das Prozessrisiko bleibt deshalb in diesem Umfang bestehen!<\/p>\n<p style=\"text-align: left;\">Ob die Voraussetzungen f\u00fcr Prozesskostenhilfe bei Ihnen vorliegen, k\u00f6nnen Sie<br \/>\n&gt;&gt; <a href=\"http:\/\/www.pkh-rechner.de\/\" target=\"_blank\" rel=\"noopener noreferrer\">hier<\/a> &lt;&lt; herausfinden.<\/p>\n<p style=\"text-align: left;\"><a href=\"http:\/\/www.justiz.de\/formulare\/zwi_bund\/zp1a.pdf\" target=\"_blank\" rel=\"noopener noreferrer\">Erkl\u00e4rung \u00fcber die pers\u00f6nlichen und wirtschaftlichen Verh\u00e4ltnisse bei Prozess- oder Verfahrenskostenhilfe<\/a><br \/>\n<\/div><\/div>\n\t\t\t<\/li>\n\t\t<br \/>\n\n\t\t\t<li>\n\t\t\t\t<div><h4><a href=\"#\">Weg mit der Mehrwehrtsteuer!<\/a><\/h4><\/div>\n\t\t\t\t<div class=\"clear-fix\"><div class=\"clear-fix paragraph\"><br \/>\nNutzen Sie Steuerschlupfl\u00f6cher? Nein? Warum nicht? Ach, Sie kennen gar keine? Nun, hier w\u00e4re eines:<\/p>\n<p style=\"text-align: left;\"><strong>Auf meine anwaltlichen Leistungen f\u00e4llt keine Mehrwehrtsteuer an.<\/strong><\/p>\n<p style=\"text-align: left;\"><a href=\"https:\/\/t1p.de\/q2ful\" target=\"_blank\" rel=\"noopener\">\u00a7 19 UStG<\/a> macht es m\u00f6glich.<\/p>\n<p style=\"text-align: left;\">Unabh\u00e4ngig davon, ob Anw\u00e4lte nach der gesetzlichen Geb\u00fchrenordnung abrechnen oder mit den Mandanten andere Verg\u00fctungen (z.B. Stundens\u00e4tze) vereinbaren, so kommt doch zur Anwaltsrechnung, wie bei fast allen anderen Leistungserbringern auch, regelm\u00e4\u00dfig am Schluss noch die Mehrwertsteuer hinzu. Die betr\u00e4gt derzeit immerhin stolze 19 % und k\u00f6nnte in Zukunft sogar noch weiter ansteigen. Dank einer Sonderregelung in \u00a7 19 UStG bin ich jedoch davon befreit, auf meine Geb\u00fchren auch noch die Mehrwertsteuer &#8222;draufschlagen&#8220; zu m\u00fcssen.<\/p>\n<p style=\"text-align: left;\">Das Ergebnis ist schlicht eine Ersparnis f\u00fcr Sie in eben der H\u00f6he der Mehrwertsteuer, ohne irgendeinen Nachteil. Nur wenn Sie zu dem Personenkreis geh\u00f6ren, der ohnehin schon &#8222;vorsteuerabzugesberechtigt&#8220; ist, haben Sie keinen Vorteil von dieser Steueroption (aber dennoch keinen Nachteil).<\/p>\n<p style=\"text-align: left;\">Einfach keine Mehrwertsteuer auf der Rechnung, und das ist legal? Vollkommen legal. Steht so im Gesetz. Sonst w\u00e4re es ja auch kein Steuerschlupfloch, sondern Steuerhinterziehung.<\/p>\n<p style=\"text-align: left;\">Merke: Sobald die Gefahr besteht, dass die Mindestumsatzgrenze erreicht wird, nehme ich keine Mandate mehr an. Hat bislang immer geklappt und es wird auch in Zukunft klappen. Ohnehin darf und sollte kein Anwalt mehr Auftr\u00e4ge annehmen, als er sorgf\u00e4ltig und gewissenhaft bearbeiten kann.<br \/>\n<\/div><\/div>\n\t\t\t<\/li>\n\t\t<br \/>\n\n\t\t\t<\/ul>\n\t\t\t<div class=\"hidden\">\n\t\t\t\t<script type=\"text\/javascript\">\n\t\t\t\t\tjQuery(document).ready(function() \n\t\t\t\t\t{\n\t\t\t\t\t\tvar theme=new TLTheme();\n\t\t\t\t\t\ttheme.createAccordion('#accordion_E559C2060AB0F1A08F713F40CAF80C34',{active:0});\n\t\t\t\t\t});\n\t\t\t\t<\/script>\n\t\t\t<\/div>\n\t\t<br \/>\n<\/div><br \/>\n<\/div><\/p>\n","protected":false},"excerpt":{"rendered":"","protected":false},"author":1,"featured_media":0,"parent":0,"menu_order":3,"comment_status":"closed","ping_status":"open","template":"","meta":{"slim_seo":{"title":"Informationen - Rechtsanwalt Markus Domanski","description":"Ihre Vorgehensweise 1. Nicht zu lange z\u00f6gern Gerade bei Auseinandersetzungen mit Beh\u00f6rden oder Arbeitgebern, aber auch bei Gerichtsverfahren, laufen regelm\u00e4\u00dfig"},"footnotes":""},"class_list":["post-9","page","type-page","status-publish","hentry"],"_links":{"self":[{"href":"https:\/\/ra-domanski.de\/page\/wp-json\/wp\/v2\/pages\/9","targetHints":{"allow":["GET"]}}],"collection":[{"href":"https:\/\/ra-domanski.de\/page\/wp-json\/wp\/v2\/pages"}],"about":[{"href":"https:\/\/ra-domanski.de\/page\/wp-json\/wp\/v2\/types\/page"}],"author":[{"embeddable":true,"href":"https:\/\/ra-domanski.de\/page\/wp-json\/wp\/v2\/users\/1"}],"replies":[{"embeddable":true,"href":"https:\/\/ra-domanski.de\/page\/wp-json\/wp\/v2\/comments?post=9"}],"version-history":[{"count":0,"href":"https:\/\/ra-domanski.de\/page\/wp-json\/wp\/v2\/pages\/9\/revisions"}],"wp:attachment":[{"href":"https:\/\/ra-domanski.de\/page\/wp-json\/wp\/v2\/media?parent=9"}],"curies":[{"name":"wp","href":"https:\/\/api.w.org\/{rel}","templated":true}]}}