{"id":729,"date":"2012-11-20T11:35:46","date_gmt":"2012-11-20T11:35:46","guid":{"rendered":"http:\/\/quanticalabs.com\/wp_themes\/themis\/?page_id=7"},"modified":"2023-12-20T11:39:08","modified_gmt":"2023-12-20T09:39:08","slug":"services","status":"publish","type":"page","link":"https:\/\/ra-domanski.de\/page\/services\/","title":{"rendered":"Leistungen"},"content":{"rendered":"<p style=\"text-align: justify;\"><div class=\"layout-p-50x50 clear-fix \"><br \/>\n<div class=\"column-left paragraph\"><\/p>\n<p style=\"text-align: justify;\"><h3 class=\"\">T\u00e4tigkeitsfelder<span class=\"underline\"><\/span><\/h3><\/p>\n<p style=\"text-align: justify;\">\n\t\t\t<ul class=\"theme-accordion \" id=\"accordion_3B0A9197C6FF25B863B10F18826B4520\">\n\t\t\t\t<br \/>\n\n\t\t\t<li>\n\t\t\t\t<div><h4><a href=\"#\">Zivilrecht<\/a><\/h4><\/div>\n\t\t\t\t<div class=\"clear-fix\"><div class=\"clear-fix paragraph\"><br \/>\nDas zivilrechtliche Spektrum ist umfangreich. Die h\u00e4ufigsten Probleme tauchen in der Praxis im Kauf-, Miet- und Werkvertragsrecht auf. Kaufsachen stellen sich nach Erhalt als mangelhaft heraus, Mieter und Vermieter kommen ihren jeweiligen Pflichten nicht nach und Handwerker bleiben in ihren Leistungen nicht selten hinter den Erwartungen zur\u00fcck, au\u00dfer bei der H\u00f6he der Rechnung. In vielen F\u00e4llen hilft nur noch der Gang zum Rechtsanwalt.<\/p>\n<p style=\"text-align: justify;\">Zur Entsch\u00e4digung f\u00fcr Flugversp\u00e4tungen geht es &gt;&gt; <a href=\"https:\/\/ra-domanski.de\/page\/flugverspaetung-entschaedigung\/\" target=\"_blank\" rel=\"noopener noreferrer\">hier<\/a> &lt;&lt;.<\/p>\n<p style=\"text-align: justify;\"><\/div><\/div>\n\t\t\t<\/li>\n\t\t \n\t\t\t<li>\n\t\t\t\t<div><h4><a href=\"#\">Arbeitsrecht<\/a><\/h4><\/div>\n\t\t\t\t<div class=\"clear-fix\"><div class=\"clear-fix paragraph\"><br \/>\nIhnen wurde fristlos gek\u00fcndigt? Sie haben sich auf eine Stellenausschreibung beworben und wurden abgelehnt, weil sie angeblich zu alt seien? Ihr Arbeitsplatz ist angeblich weggefallen und man wollte Sie nicht umsetzen? Den Job dennoch zu behalten ist nicht leicht, aber in vielen F\u00e4llen kann ein Anwalt erreichen, dass Sie wenigstens eine angemessene Abfindung bekommen. Wichtig: Grunds\u00e4tzlich ist die 3-Wochenfrist des \u00a7 6 KschG zu beachten. <\/div><\/div>\n\t\t\t<\/li>\n\t\t \n\t\t\t<li>\n\t\t\t\t<div><h4><a href=\"#\">Familienrecht<\/a><\/h4><\/div>\n\t\t\t\t<div class=\"clear-fix\"><div class=\"clear-fix paragraph\"> Der Haussegen h\u00e4ngt schief, vielleicht steht sogar eine Scheidung an. Oft kann nur noch der Gang zum Rechtsanwalt helfen. Eine einvernehmliche Scheidung vor dem Familiengericht dauert ca. 10 Minuten. Wichtig: Um eine Interessenkollision zu vermeiden, findet grunds\u00e4tzlich keine gemeinsame Beratung von Ehegatten statt, \u00a7 3 Abs. 1 BORA.<\/p>\n<p style=\"text-align: justify;\">Zur Online-Scheidung geht es &gt;&gt; <a href=\"https:\/\/ra-domanski.de\/page\/?page_id=1980\" target=\"_blank\" rel=\"noopener noreferrer\">hier<\/a> &lt;&lt;.<br \/>\n<\/div><\/div>\n\t\t\t<\/li>\n\t\t<br \/>\n\n\t\t\t<li>\n\t\t\t\t<div><h4><a href=\"#\">Mietrecht<\/a><\/h4><\/div>\n\t\t\t\t<div class=\"clear-fix\"><div class=\"clear-fix paragraph\"><br \/>\nMietrecht ist gelebtes Sozialrecht, daher erkl\u00e4ren sich die vielen H\u00fcrden, die der Gesetzgeber f\u00fcr beide Seiten eingezogen hat. Die klassischen Problemfelder lassen sich leicht benennen: Nebenkostenabrechnung, Mietminderung, Mieterh\u00f6hung, K\u00fcndigung, Sch\u00f6nheitsreparaturen und R\u00fcckzahlung der Mietkaution. Ohne Kenntnis der mietrechtlichen Regelungen wird hier &#8211; selbst in bester Absicht &#8211; viel falsch gemacht. Im Internet l\u00e4sst sich zu diesen Themen einiges finden, doch nicht immer sind die Empfehlungen auf dem neusten Stand.<br \/>\n<\/div><\/div>\n\t\t\t<\/li>\n\t\t<br \/>\n\n\t\t\t<li>\n\t\t\t\t<div><h4><a href=\"#\">Strafrecht<\/a><\/h4><\/div>\n\t\t\t\t<div class=\"clear-fix\"><div class=\"clear-fix paragraph\"><br \/>\nSie haben Post von der Staatsanwaltschaft oder gar von einem Gericht erhalten und das Aktenzeichen enth\u00e4lt die Buchstaben &#8222;Js&#8220;, &#8222;Cs&#8220;, &#8222;Ds&#8220;, &#8222;Ls&#8220;, oder &#8222;KLs&#8220;. Ein Rechtsanwalt hat das Recht zur unbeschr\u00e4nkten Akteneinsicht und kann damit bereits ab einem fr\u00fchen Stadium den korrekten Verfahrensablauf \u00fcberwachen und eine konkrete Verteidigungsstrategie entwerfen. Wichtig: Die Einspruchsfrist gegen einen Strafbefehl betr\u00e4gt 2 Wochen, \u00a7 410 StPO.<br \/>\n<\/div><\/div>\n\t\t\t<\/li>\n\t\t<br \/>\n\n\t\t\t<li>\n\t\t\t\t<div><h4><a href=\"#\">Bu\u00dfgeldverfahren<\/a><\/h4><\/div>\n\t\t\t\t<div class=\"clear-fix\"><div class=\"clear-fix paragraph\"><br \/>\nSie wurden geblitzt. Kann man noch was machen? Bei den Rechtsfolgen besteht regelm\u00e4\u00dfig ein gewisser Spielraum. Insbesondere wenn ein Fahrverbot im Raum steht, sollten Sie sich an einen Anwalt wenden. Wichtig: Die Einspruchsfrist gegen einen Bu\u00dfgeldbescheid betr\u00e4gt 2 Wochen, \u00a7 67 OWiG.<\/p>\n<p style=\"text-align: justify;\">Bei Trunkenheit im Stra\u00dfenverkehr wird ab 1,6 Promille in der Regel die sog. MPU angeordnet. Was sich hinter dieser Medizinisch-psychologischen Untersuchung verbirgt und welche Anforderungen an Sie und an ihren Gutachter gestellt werden, l\u00e4sst sich in einem Beratungsgespr\u00e4ch er\u00f6rtern.<br \/>\n<\/div><\/div>\n\t\t\t<\/li>\n\t\t<\/p>\n\n\t\t\t<li>\n\t\t\t\t<div><h4><a href=\"#\">Welche Mandate werden nicht \u00fcbernommen?<\/a><\/h4><\/div>\n\t\t\t\t<div class=\"clear-fix\"><div class=\"clear-fix paragraph\">\n<ul style=\"text-align: justify;\">\n<li>Strafverteidigung bei Mord und Sexualdelikten<\/li>\n<li>Klageerzwingungsverfahren<\/li>\n<li>Privatklageverfahren<\/li>\n<li>Nachbarschaftsstreitigkeiten<\/li>\n<li>Sozialrecht<\/li>\n<li>Verwaltungsrecht<\/li>\n<\/ul>\n<p style=\"text-align: justify;\"><\/div><\/div>\n\t\t\t<\/li>\n\t\t<br \/>\n\n\t\t\t<\/ul>\n\t\t\t<div class=\"hidden\">\n\t\t\t\t<script type=\"text\/javascript\">\n\t\t\t\t\tjQuery(document).ready(function() \n\t\t\t\t\t{\n\t\t\t\t\t\tvar theme=new TLTheme();\n\t\t\t\t\t\ttheme.createAccordion('#accordion_3B0A9197C6FF25B863B10F18826B4520',{active:0});\n\t\t\t\t\t});\n\t\t\t\t<\/script>\n\t\t\t<\/div>\n\t\t<\/p>\n<p style=\"text-align: justify;\"><\/div><br \/>\n<div class=\"column-right paragraph\"><\/p>\n<p style=\"text-align: justify;\"><h3 class=\"\">Meine Garantie<span class=\"underline\"><\/span><\/h3><br \/>\n\n\t\t\t<ul class=\"clear-fix layout-p-100 list list-bullet-11\">\n\t\t\t\t<br \/>\n<li class=\"column-left paragraph\"><div>Motivation<\/div><\/li><br \/>\n<li class=\"column-left paragraph\"><div>Unabh\u00e4ngigkeit<\/div><\/li><br \/>\n<li class=\"column-left paragraph\"><div>Verschwiegenheit<\/div><\/li><br \/>\n\n\t\t\t<\/ul>\n\t\t<\/p>\n<p style=\"text-align: justify;\"><\/div><br \/>\n<\/div><\/p>\n","protected":false},"excerpt":{"rendered":"","protected":false},"author":1,"featured_media":0,"parent":0,"menu_order":2,"comment_status":"closed","ping_status":"open","template":"","meta":{"slim_seo":{"title":"Leistungen - Rechtsanwalt Markus Domanski","description":"T\u00e4tigkeitsfelder Zivilrecht Das zivilrechtliche Spektrum ist umfangreich. Die h\u00e4ufigsten Probleme tauchen in der Praxis im Kauf-, Miet- und Werkvertragsrecht au"},"footnotes":""},"class_list":["post-729","page","type-page","status-publish","hentry"],"_links":{"self":[{"href":"https:\/\/ra-domanski.de\/page\/wp-json\/wp\/v2\/pages\/729","targetHints":{"allow":["GET"]}}],"collection":[{"href":"https:\/\/ra-domanski.de\/page\/wp-json\/wp\/v2\/pages"}],"about":[{"href":"https:\/\/ra-domanski.de\/page\/wp-json\/wp\/v2\/types\/page"}],"author":[{"embeddable":true,"href":"https:\/\/ra-domanski.de\/page\/wp-json\/wp\/v2\/users\/1"}],"replies":[{"embeddable":true,"href":"https:\/\/ra-domanski.de\/page\/wp-json\/wp\/v2\/comments?post=729"}],"version-history":[{"count":0,"href":"https:\/\/ra-domanski.de\/page\/wp-json\/wp\/v2\/pages\/729\/revisions"}],"wp:attachment":[{"href":"https:\/\/ra-domanski.de\/page\/wp-json\/wp\/v2\/media?parent=729"}],"curies":[{"name":"wp","href":"https:\/\/api.w.org\/{rel}","templated":true}]}}