{"id":728,"date":"2012-11-20T11:32:32","date_gmt":"2012-11-20T11:32:32","guid":{"rendered":"http:\/\/quanticalabs.com\/wp_themes\/themis\/?page_id=5"},"modified":"2026-03-23T11:05:46","modified_gmt":"2026-03-23T09:05:46","slug":"about","status":"publish","type":"page","link":"https:\/\/ra-domanski.de\/page\/about\/","title":{"rendered":"Kanzlei"},"content":{"rendered":"<div class=\"layout-p-50x50 clear-fix \"><br \/>\n<div class=\"column-left paragraph\"><\/p>\n<p><h3 class=\"\">Warum zum Rechtsanwalt?<span class=\"underline\"><\/span><\/h3><br \/>\n\n\t\t\t<ul class=\"theme-accordion \" id=\"accordion_D18E85401625FFC2360124E89B419FA4\">\n\t\t\t\t<br \/>\n\n\t\t\t<li>\n\t\t\t\t<div><h4><a href=\"#\">Recht zu haben und Recht zu bekommen, sind zwei unterschiedliche Dinge<\/a><\/h4><\/div>\n\t\t\t\t<div class=\"clear-fix\"><div class=\"clear-fix paragraph\"><\/p>\n<p><a href=\"https:\/\/ra-domanski.de\/page\/wp-content\/uploads\/2016\/05\/Grundgesetz.jpg\"><img loading=\"lazy\" decoding=\"async\" class=\" wp-image-2023 aligncenter\" src=\"https:\/\/ra-domanski.de\/page\/wp-content\/uploads\/2016\/05\/Grundgesetz-300x213.jpg\" alt=\"Grundgesetz\" width=\"451\" height=\"320\" srcset=\"https:\/\/ra-domanski.de\/page\/wp-content\/uploads\/2016\/05\/Grundgesetz-300x213.jpg 300w, https:\/\/ra-domanski.de\/page\/wp-content\/uploads\/2016\/05\/Grundgesetz-768x545.jpg 768w, https:\/\/ra-domanski.de\/page\/wp-content\/uploads\/2016\/05\/Grundgesetz-1024x726.jpg 1024w\" sizes=\"auto, (max-width: 451px) 100vw, 451px\" \/><\/a><\/p>\n<p>Sie haben Rechte! Die Durchsetzung ist jedoch bisweilen sehr kompliziert. Ohne den Rat von Experten verliert man schnell den \u00dcberblick. Deshalb sollten Sie sich in Rechtsfragen auf die Kompetenz und die Erfahrung eines Anwaltes verlassen.<br \/>\n<\/div><\/div>\n\t\t\t<\/li>\n\t\t<br \/>\n\n\t\t\t<li>\n\t\t\t\t<div><h4><a href=\"#\">Ein Rechtsanwalt bewahrt vor b\u00f6sen \u00dcberraschungen<\/a><\/h4><\/div>\n\t\t\t\t<div class=\"clear-fix\"><div class=\"clear-fix paragraph\"><br \/>\nIhr Anwalt ber\u00e4t Sie bei der Durchsetzung Ihrer rechtlichen Interessen. Er pr\u00fcft beispielsweise Vertr\u00e4ge, bevor Sie damit eine Verpflichtung eingehen, und er vertritt Ihre Interessen in Verhandlungen. So l\u00e4sst sich verhindern, dass Sie in rechtlichen Fragen benachteiligt werden.<br \/>\n<\/div><\/div>\n\t\t\t<\/li>\n\t\t<br \/>\n\n\t\t\t<li>\n\t\t\t\t<div><h4><a href=\"#\">Ein Rechtsanwalt hilft, Streit zu vermeiden<\/a><\/h4><\/div>\n\t\t\t\t<div class=\"clear-fix\"><div class=\"clear-fix paragraph\"><br \/>\nRechtsanw\u00e4lte werden h\u00e4ufig ben\u00f6tigt, wenn ein Streit vor Gericht geht. Anw\u00e4lte k\u00f6nnen aber auch schon im Vorfeld helfen, teure und langwierige Verfahren zu vermeiden. Wenn Sie rechtzeitig einen Rechtsanwalt aufsuchen, l\u00e4sst sich oft ein Weg finden, wie Sie auch ohne ein m\u00f6glicherweise zeit- und kostenaufw\u00e4ndiges Gerichtsverfahren zu Ihrem Recht kommen.<br \/>\n<\/div><\/div>\n\t\t\t<\/li>\n\t\t<br \/>\n\n\t\t\t<li>\n\t\t\t\t<div><h4><a href=\"#\">Ein Rechtsanwalt steht Ihnen stets zur Seite<\/a><\/h4><\/div>\n\t\t\t\t<div class=\"clear-fix\"><div class=\"clear-fix paragraph\"><br \/>\nAnwaltliche Beratung gibt Ihnen Sicherheit. Rechtsanw\u00e4lte sind an strenge berufsrechtliche Vorgaben gebunden (vgl. unter anderem <a href=\"http:\/\/www.gesetze-im-internet.de\/brao\/__43a.html\" target=\"_blank\" rel=\"noopener noreferrer\">\u00a7 43a BRAO<\/a>).<br \/>\n<\/div><\/div>\n\t\t\t<\/li>\n\t\t<br \/>\n\n\t\t\t<\/ul>\n\t\t\t<div class=\"hidden\">\n\t\t\t\t<script type=\"text\/javascript\">\n\t\t\t\t\tjQuery(document).ready(function() \n\t\t\t\t\t{\n\t\t\t\t\t\tvar theme=new TLTheme();\n\t\t\t\t\t\ttheme.createAccordion('#accordion_D18E85401625FFC2360124E89B419FA4',{active:0});\n\t\t\t\t\t});\n\t\t\t\t<\/script>\n\t\t\t<\/div>\n\t\t<br \/>\n<\/div><br \/>\n<div class=\"column-right paragraph\"><br \/>\n<h3 class=\"\">RA Markus Domanski<span class=\"underline\"><\/span><\/h3><br \/>\n\n\t\t\t<ul class=\"theme-accordion \" id=\"accordion_69FC713C99F8F92D3D4D9681270DCB96\">\n\t\t\t\t<br \/>\n\n\t\t\t<li>\n\t\t\t\t<div><h4><a href=\"#\">Vita<\/a><\/h4><\/div>\n\t\t\t\t<div class=\"clear-fix\"><div class=\"clear-fix paragraph\"><br \/>\nMarkus Domanski wurde 1967 in Frankfurt am Main geboren und ist in Karben aufgewachsen. Er studierte <a href=\"https:\/\/ra-domanski.de\/page\/erstes-staatsexamen\/\" target=\"_blank\" rel=\"noopener noreferrer\">Rechtswissenschaften<\/a> an der Johann-Wolfang-Goethe Universit\u00e4t. Das Referendariat absolvierte er im OLG-Bezirk Frankfurt am Main.<\/p>\n<p>In seiner Freizeit war er auf Vereinsebene unter anderem als 1. Vorsitzender der Schachabteilung des KSV Klein Karben und als Jugendtrainer der Schachfreunde Sch\u00f6neck t\u00e4tig und ist Mitbegr\u00fcnder des Baseballvereins Friedberg Braves 1987. Er spielte von 1988-<a href=\"https:\/\/ra-domanski.de\/page\/wp-content\/uploads\/2026\/03\/Stars-and-Stripes-1990.jpg\" rel=\"noopener\" target=\"_blank\">1990<\/a> in der <a href=\"https:\/\/t1p.de\/36hpm\" target=\"_blank\" rel=\"noopener\">German-American Baseball League<\/a> (Tele 5 Liga).<br \/>\n<\/div><\/div>\n\t\t\t<\/li>\n\t\t<br \/>\n\n\t\t\t<li>\n\t\t\t\t<div><h4><a href=\"#\">Kanzleiphilosophie<\/a><\/h4><\/div>\n\t\t\t\t<div class=\"clear-fix\"><div class=\"clear-fix paragraph\"><br \/>\nAls Rechtsanwalt ist es meine Aufgabe, reale Probleme mit juristischen Methoden zu l\u00f6sen. Ich nehme mir Zeit f\u00fcr meine Mandanten und entwickle pragmatische L\u00f6sungen, bei denen ihre wirtschaftlichen Interessen im Vordergrund stehen.<\/p>\n<p>Nat\u00fcrlich liegt bei einem Mandatsverh\u00e4ltnis regelm\u00e4\u00dfig die klassische <a href=\"https:\/\/de.wikipedia.org\/wiki\/Prinzipal-Agent-Theorie\" target=\"_blank\" rel=\"noopener noreferrer\">Principal-Agent-Konstellation<\/a> vor. Es stellt sich daher die Frage, woran Sie einen guten Anwalt erkennen, insbesondere wenn Sie keinen Einblick in die Examensnoten haben. Die Antwort ist einfach: Man erkennt einen guten Anwalt, woran man letztlich auch einen guten Arzt erkennt, am Ergebnis. Bis dahin z\u00e4hlt Vertrauen.<\/p>\n<p>Es d\u00fcrfte jedoch auf der Hand liegen, dass selbst der beste Anwalt nicht jeden Fall gewinnen kann, denn ein gewisses Prozessrisiko besteht immer. Im schlimmsten Fall verstirbt ein wichtiger Zeuge kurz vor der Hauptverhandlung. Dennoch ist ein guter Anwalt unter dem Strich h\u00e4ufiger erfolgreich, denn er r\u00e4t bei F\u00e4llen mit negativem Erwartungswert von einer Rechtsverfolgung ab. Die Wirtschaftlichkeit des Unterfangens geh\u00f6rt zu den klassischen Themen einer anwaltlichen Beratung und genau an dieser Stelle trennt sich \u00fcblicherweise auch die Spreu vom Weizen.<br \/>\n<\/div><\/div>\n\t\t\t<\/li>\n\t\t<br \/>\n\n\t\t\t<li>\n\t\t\t\t<div><h4><a href=\"#\">\u00dcber den Blog<\/a><\/h4><\/div>\n\t\t\t\t<div class=\"clear-fix\"><div class=\"clear-fix paragraph\"><br \/>\nIn meinem Blog gehe ich auf aktuelle Themen unter der spezifischen Sichtweise eines kritischen Juristen ein. Naturgem\u00e4\u00df stehen dabei die Kritikpunkte zu den jeweiligen Vorg\u00e4ngen im Vordergrund. Lobhudelei \u00fcberlasse ich gerne anderen.<br \/>\n<\/div><\/div>\n\t\t\t<\/li>\n\t\t<br \/>\n\n\t\t\t<\/ul>\n\t\t\t<div class=\"hidden\">\n\t\t\t\t<script type=\"text\/javascript\">\n\t\t\t\t\tjQuery(document).ready(function() \n\t\t\t\t\t{\n\t\t\t\t\t\tvar theme=new TLTheme();\n\t\t\t\t\t\ttheme.createAccordion('#accordion_69FC713C99F8F92D3D4D9681270DCB96',{active:0});\n\t\t\t\t\t});\n\t\t\t\t<\/script>\n\t\t\t<\/div>\n\t\t<br \/>\n<h3 class=\"\">Neuste Beitr\u00e4ge<span class=\"underline\"><\/span><\/h3><br \/>\n<ul class=\"list-0 clear-fix latest-post \"><li class=\"clear-fix\"><div class=\"clear-fix post-image single-image image-100-100\"><a href=\"https:\/\/ra-domanski.de\/page\/ist-der-atomausstieg-irreversibel\/\" class=\"overlay-url preloader\"><img loading=\"lazy\" decoding=\"async\" width=\"100\" height=\"100\" src=\"https:\/\/ra-domanski.de\/page\/wp-content\/uploads\/2012\/11\/image_15-100x100.jpg\" class=\"attachment-image-100-100 size-image-100-100 wp-post-image\" alt=\"Image\" srcset=\"https:\/\/ra-domanski.de\/page\/wp-content\/uploads\/2012\/11\/image_15-100x100.jpg 100w, https:\/\/ra-domanski.de\/page\/wp-content\/uploads\/2012\/11\/image_15-150x150.jpg 150w, https:\/\/ra-domanski.de\/page\/wp-content\/uploads\/2012\/11\/image_15-190x190.jpg 190w\" sizes=\"auto, (max-width: 100px) 100vw, 100px\" \/><\/a><\/div><h4><a href=\"https:\/\/ra-domanski.de\/page\/ist-der-atomausstieg-irreversibel\/\">Ist der Atomausstieg irreversibel?<\/a><\/h4><p><\/p><\/li><li class=\"clear-fix\"><h4><a href=\"https:\/\/ra-domanski.de\/page\/gun-gun\/\">&#8222;Gun, Gun&#8220;<\/a><\/h4><p><\/p><\/li><li class=\"clear-fix\"><h4><a href=\"https:\/\/ra-domanski.de\/page\/warum-das-sek-die-verdaechtigen-festnahm\/\">Warum das SEK die Verd\u00e4chtigen festnahm<\/a><\/h4><p><\/p><\/li><li class=\"clear-fix\"><h4><a href=\"https:\/\/ra-domanski.de\/page\/zur-plagiatsforschung\/\">Zur Plagiatsforschung<\/a><\/h4><p><\/p><\/li><li class=\"clear-fix\"><h4><a href=\"https:\/\/ra-domanski.de\/page\/300-juristen-unterschreiben-stellungnahme\/\">300 Juristen unterschreiben Stellungnahme<\/a><\/h4><p><\/p><\/li><\/ul><br \/>\n<\/div><br \/>\n<\/div>\n","protected":false},"excerpt":{"rendered":"","protected":false},"author":1,"featured_media":0,"parent":0,"menu_order":1,"comment_status":"closed","ping_status":"open","template":"","meta":{"slim_seo":{"title":"Kanzlei - Rechtsanwalt Markus Domanski","description":"Warum zum Rechtsanwalt? Recht zu haben und Recht zu bekommen, sind zwei unterschiedliche Dinge Sie haben Rechte! Die Durchsetzung ist jedoch bisweilen sehr komp"},"footnotes":""},"class_list":["post-728","page","type-page","status-publish","hentry"],"_links":{"self":[{"href":"https:\/\/ra-domanski.de\/page\/wp-json\/wp\/v2\/pages\/728","targetHints":{"allow":["GET"]}}],"collection":[{"href":"https:\/\/ra-domanski.de\/page\/wp-json\/wp\/v2\/pages"}],"about":[{"href":"https:\/\/ra-domanski.de\/page\/wp-json\/wp\/v2\/types\/page"}],"author":[{"embeddable":true,"href":"https:\/\/ra-domanski.de\/page\/wp-json\/wp\/v2\/users\/1"}],"replies":[{"embeddable":true,"href":"https:\/\/ra-domanski.de\/page\/wp-json\/wp\/v2\/comments?post=728"}],"version-history":[{"count":5,"href":"https:\/\/ra-domanski.de\/page\/wp-json\/wp\/v2\/pages\/728\/revisions"}],"predecessor-version":[{"id":54290,"href":"https:\/\/ra-domanski.de\/page\/wp-json\/wp\/v2\/pages\/728\/revisions\/54290"}],"wp:attachment":[{"href":"https:\/\/ra-domanski.de\/page\/wp-json\/wp\/v2\/media?parent=728"}],"curies":[{"name":"wp","href":"https:\/\/api.w.org\/{rel}","templated":true}]}}