{"id":3583,"date":"2018-10-05T18:26:12","date_gmt":"2018-10-05T16:26:12","guid":{"rendered":"https:\/\/ra-domanski.de\/page\/?page_id=3583"},"modified":"2021-08-08T14:44:38","modified_gmt":"2021-08-08T12:44:38","slug":"impressum","status":"publish","type":"page","link":"https:\/\/ra-domanski.de\/page\/impressum\/","title":{"rendered":"Impressum"},"content":{"rendered":"<p><strong>Angaben nach \u00a7 5 TMG, \u00a7 55 Abs. 2 RStV<\/strong><br \/>\nDiensteanbieter und inhaltlich Verantwortlicher: RA Markus Domanski<br \/>\nAdresse: Robert Koch Str. 7, 61184 Karben<br \/>\nTelefon: 06039-41375<br \/>\nFax: 06039-4678125<br \/>\nE-Mail: info@ra-domanski.de<br \/>\nZust\u00e4ndige Kammer: RAK Frankfurt\/M, Bockenheimer Anlage 36, 60322 Frankfurt am Main<br \/>\nGesetzliche Berufsbezeichnung: Rechtsanwalt<br \/>\nVerliehen in: Bundesrepublik Deutschland<br \/>\nBerufsordnung: BRAO, BORA, RVG, CCBE<br \/>\nBerufshaftpflichtversicherung: R+V Allgemeine Versicherung AG, Raiffeisenplatz 1, 65189 Wiesbaden<\/p>\n<p><h3 class=\"\">Weitere Hinweise<span class=\"underline\"><\/span><\/h3><br \/>\n<strong>Social Media<\/strong><br \/>\nDiese Angaben beziehen sich auch auf den Auftritt in sozialen Medien.<\/p>\n<p><strong>Hinweis nach ODR-Verordnung<\/strong><br \/>\nPlattform der EU zur au\u00dfergerichtlichen Online Streitbeilegung: <a href=\"http:\/\/ec.europa.eu\/consumers\/odr\/\" target=\"_blank\" rel=\"noopener noreferrer\">http:\/\/ec.europa.eu\/consumers\/odr\/<\/a><\/p>\n<p><strong>Hinweis nach VSBG<\/strong><br \/>\nZust\u00e4ndige Verbraucherschlichtungsstelle f\u00fcr verm\u00f6gensrechtliche Streitigkeiten aus dem<br \/>\nMandatsverh\u00e4ltnis bis zu einem Wert von 50.000 Euro: Schlichtungsstelle der Rechtsanwaltschaft,<br \/>\nNeue Gr\u00fcnstr. 17, 10179 Berlin, <a href=\"http:\/\/www.s-d-r.org\/\" target=\"_blank\" rel=\"noopener noreferrer\">http:\/\/www.s-d-r.org\/<\/a><\/p>\n<p><strong>Widerspruch Werbe-Mails<\/strong><br \/>\nDer Nutzung der Kontaktdaten zur \u00dcbersendung von nicht ausdr\u00fccklich angeforderter Werbung und Informationsmaterialien wird hiermit widersprochen.<br \/>\nDer Betreiber dieser Webseite beh\u00e4lt sich ausdr\u00fccklich <a href=\"https:\/\/dejure.org\/dienste\/vernetzung\/rechtsprechung?Text=6%20O%20322\/17\" rel=\"noopener noreferrer\" target=\"_blank\">rechtliche Schritte<\/a> im Falle der unverlangten Zusendung von Werbeinformationen vor.<\/p>\n<p><strong>Verlinkung auf Fremdinhalte<\/strong><br \/>\nSoweit Links auf externe Seiten f\u00fchren, bedeutet dies nicht, dass der Betreiber sich den dortigen Inhalt zu eigen macht.<\/p>\n","protected":false},"excerpt":{"rendered":"<p>Angaben nach \u00a7 5 TMG, \u00a7 55 Abs. 2 RStV Diensteanbieter und inhaltlich Verantwortlicher: RA Markus Domanski Adresse: Robert Koch Str. 7, 61184 Karben Telefon: 06039-41375 Fax: 06039-4678125 E-Mail: info@ra-domanski.de Zust\u00e4ndige Kammer: RAK Frankfurt\/M, Bockenheimer Anlage 36, 60322 Frankfurt am Main Gesetzliche Berufsbezeichnung: Rechtsanwalt Verliehen in: Bundesrepublik Deutschland Berufsordnung: BRAO, BORA, RVG, CCBE Berufshaftpflichtversicherung: R+V<span class=\"excerpt-more\"> [&#8230;]<\/span><\/p>\n","protected":false},"author":1,"featured_media":0,"parent":0,"menu_order":0,"comment_status":"closed","ping_status":"closed","template":"","meta":{"slim_seo":{"title":"Impressum - Rechtsanwalt Markus Domanski","description":"Angaben nach \u00a7 5 TMG, \u00a7 55 Abs. 2 RStV Diensteanbieter und inhaltlich Verantwortlicher: RA Markus Domanski Adresse: Robert Koch Str. 7, 61184 Karben Telefon: 06"},"footnotes":""},"class_list":["post-3583","page","type-page","status-publish","hentry"],"_links":{"self":[{"href":"https:\/\/ra-domanski.de\/page\/wp-json\/wp\/v2\/pages\/3583","targetHints":{"allow":["GET"]}}],"collection":[{"href":"https:\/\/ra-domanski.de\/page\/wp-json\/wp\/v2\/pages"}],"about":[{"href":"https:\/\/ra-domanski.de\/page\/wp-json\/wp\/v2\/types\/page"}],"author":[{"embeddable":true,"href":"https:\/\/ra-domanski.de\/page\/wp-json\/wp\/v2\/users\/1"}],"replies":[{"embeddable":true,"href":"https:\/\/ra-domanski.de\/page\/wp-json\/wp\/v2\/comments?post=3583"}],"version-history":[{"count":0,"href":"https:\/\/ra-domanski.de\/page\/wp-json\/wp\/v2\/pages\/3583\/revisions"}],"wp:attachment":[{"href":"https:\/\/ra-domanski.de\/page\/wp-json\/wp\/v2\/media?parent=3583"}],"curies":[{"name":"wp","href":"https:\/\/api.w.org\/{rel}","templated":true}]}}