{"id":2520,"date":"2017-03-17T09:04:33","date_gmt":"2017-03-17T07:04:33","guid":{"rendered":"http:\/\/ra-domanski.de\/page\/?page_id=2520"},"modified":"2018-09-16T12:33:54","modified_gmt":"2018-09-16T10:33:54","slug":"flugverspaetung-entschaedigung","status":"publish","type":"page","link":"https:\/\/ra-domanski.de\/page\/flugverspaetung-entschaedigung\/","title":{"rendered":"Flugversp\u00e4tung (Entsch\u00e4digung)"},"content":{"rendered":"<p>Mit Beginn der Ferienzeit herrscht wieder Hochbetrieb auf den Flugh\u00e4fen. Doch oft beginnt der langersehnte Urlaub mit stundenlangem Warten, weil der gebuchte Flug versp\u00e4tet ist. Dabei steht Passagieren bei mehr als drei Stunden Wartezeit durch technisch bedingte Versp\u00e4tungen eine Entsch\u00e4digung zu, doch nur wenige Kunden machen ihren Anspruch geltend.<\/p>\n<p>Die Verbraucherrechte bei Flugversp\u00e4tungen sind in der <a href=\"http:\/\/eur-lex.europa.eu\/resource.html?uri=cellar:439cd3a7-fd3c-4da7-8bf4-b0f60600c1d6.0002.02\/DOC_1&amp;format=PDF\" target=\"_blank\" rel=\"noopener noreferrer\">EU-Fluggastrechteverordnung<\/a> festgelegt.<\/p>\n<p>Diese Rechte gelten<\/p>\n<ul>\n<li>f\u00fcr alle Passagiere, die von einem Flughafen in der EU abfliegen<\/li>\n<li>f\u00fcr alle Passagiere, die auf einem Flughafen in der EU landen, wenn die Fluggesellschaft ihren Sitz in der EU hat.<\/li>\n<\/ul>\n<p>Entsch\u00e4digung (pro Passagier):<\/p>\n<ul>\n<li>Versp\u00e4tung von mind. 2 Stunden bei einer Flugstrecke bis 1500 km: <strong>250 \u20ac<\/strong><\/li>\n<li>Versp\u00e4tung von mind. 3 Stunden bei einer Flugstrecke \u00fcber 1500 km (Flug innerhalb der EU): <strong>400 \u20ac<\/strong><\/li>\n<li>Versp\u00e4tung von mind. 3 Stunden bei einer Flugstrecke zwischen 1500 und 3500 km (Flug von EU in einen Drittstaat oder zur\u00fcck): <strong>400 \u20ac<\/strong><\/li>\n<li>Versp\u00e4tung von mind. 4 Stunden bei einer Flugstrecke \u00fcber 3500 km (Flug von EU in einen Drittstaat oder zur\u00fcck): <strong>600 \u20ac<\/strong><\/li>\n<\/ul>\n<p>Nun finden sich diverse Gesch\u00e4ftsmodelle im Internet, die darauf basieren, diese Anspr\u00fcche gegen\u00fcber der Fluggesellschaft in Form eines rundum Sorglospakets durchzusetzen. Das klingt erst mal gut, der Haken besteht jedoch in einer Erfolgsbeteiligung. Warum soll man bis zu 50% seiner Entsch\u00e4digung an einen Dienstleister bezahlen, der den Fall zumeist vollautomatisiert an einen angeschlossenen Anwalt \u00fcbergibt, wenn das Prozessrisiko typischerweise im Bereich von 1-2% liegt?<\/p>\n<p>Meine Empfehlung lautet daher: Mahnen Sie die Fluggesellschaft vorab, z.B. mit diesem <a href=\"https:\/\/ra-domanski.de\/download\/Musterschreiben%20(Fluggastrechte).pdf\" target=\"_blank\" rel=\"noopener noreferrer\">Musterschreiben<\/a>.<\/p>\n","protected":false},"excerpt":{"rendered":"<p>Mit Beginn der Ferienzeit herrscht wieder Hochbetrieb auf den Flugh\u00e4fen. Doch oft beginnt der langersehnte Urlaub mit stundenlangem Warten, weil der gebuchte Flug versp\u00e4tet ist. Dabei steht Passagieren bei mehr als drei Stunden Wartezeit durch technisch bedingte Versp\u00e4tungen eine Entsch\u00e4digung zu, doch nur wenige Kunden machen ihren Anspruch geltend. Die Verbraucherrechte bei Flugversp\u00e4tungen sind in<span class=\"excerpt-more\"> [&#8230;]<\/span><\/p>\n","protected":false},"author":1,"featured_media":0,"parent":0,"menu_order":0,"comment_status":"closed","ping_status":"closed","template":"","meta":{"slim_seo":{"title":"Flugversp\u00e4tung (Entsch\u00e4digung) - Rechtsanwalt Markus Domanski","description":"Mit Beginn der Ferienzeit herrscht wieder Hochbetrieb auf den Flugh\u00e4fen. Doch oft beginnt der langersehnte Urlaub mit stundenlangem Warten, weil der gebuchte Fl"},"footnotes":""},"class_list":["post-2520","page","type-page","status-publish","hentry"],"_links":{"self":[{"href":"https:\/\/ra-domanski.de\/page\/wp-json\/wp\/v2\/pages\/2520","targetHints":{"allow":["GET"]}}],"collection":[{"href":"https:\/\/ra-domanski.de\/page\/wp-json\/wp\/v2\/pages"}],"about":[{"href":"https:\/\/ra-domanski.de\/page\/wp-json\/wp\/v2\/types\/page"}],"author":[{"embeddable":true,"href":"https:\/\/ra-domanski.de\/page\/wp-json\/wp\/v2\/users\/1"}],"replies":[{"embeddable":true,"href":"https:\/\/ra-domanski.de\/page\/wp-json\/wp\/v2\/comments?post=2520"}],"version-history":[{"count":0,"href":"https:\/\/ra-domanski.de\/page\/wp-json\/wp\/v2\/pages\/2520\/revisions"}],"wp:attachment":[{"href":"https:\/\/ra-domanski.de\/page\/wp-json\/wp\/v2\/media?parent=2520"}],"curies":[{"name":"wp","href":"https:\/\/api.w.org\/{rel}","templated":true}]}}